{"id":10,"date":"2023-12-13T20:26:14","date_gmt":"2023-12-13T19:26:14","guid":{"rendered":"http:\/\/ass-main-dans-main-nkol.org\/?page_id=10"},"modified":"2024-07-06T21:26:20","modified_gmt":"2024-07-06T19:26:20","slug":"nos-missions","status":"publish","type":"page","link":"https:\/\/ass-main-dans-main-nkol.org\/de\/nos-missions\/","title":{"rendered":"UNSERE MISSIONEN"},"content":{"rendered":"<div data-elementor-type=\"wp-page\" data-elementor-id=\"10\" class=\"elementor elementor-10\">\n\t\t\t\t<div class=\"elementor-element elementor-element-1ee1153 e-con-full e-flex e-con e-parent\" data-id=\"1ee1153\" data-element_type=\"container\" data-e-type=\"container\">\n\t\t\t\t<div class=\"elementor-element elementor-element-60873de elementor-widget elementor-widget-whitehall_banner_v2\" data-id=\"60873de\" data-element_type=\"widget\" data-e-type=\"widget\" data-widget_type=\"whitehall_banner_v2.default\">\n\t\t\t\t<div class=\"elementor-widget-container\">\n\t\t\t\t\t    \n\t<!-- banner-section -->\n    <section class=\"banner-section style-two centred\">\n        <div class=\"banner-carousel owl-theme owl-carousel owl-dots-none\">\n                        <div class=\"slide-item\">\n                <div class=\"image-layer\" style=\"background-image:url(https:\/\/ass-main-dans-main-nkol.org\/wp-content\/uploads\/2024\/02\/IMG_20220511_091047_440-scaled.jpg)\"><\/div>\n                <div class=\"auto-container\">\n                    <div class=\"content-box\">\n                        <h1>UNSERE MISSIONEN<\/h1>\n                        <p><\/p>\n                                            <\/div> \n                <\/div>\n            <\/div>\n                    <\/div>\n    <\/section>\n    <!-- banner-section end -->\n        \n        \n        \t\t\t\t<\/div>\n\t\t\t\t<\/div>\n\t\t\t\t<\/div>\n\t\t<div class=\"elementor-element elementor-element-3984aca e-con-full e-flex e-con e-parent\" data-id=\"3984aca\" data-element_type=\"container\" data-e-type=\"container\">\n\t\t\t\t<div class=\"elementor-element elementor-element-0a6fbbd elementor-widget elementor-widget-heading\" data-id=\"0a6fbbd\" data-element_type=\"widget\" data-e-type=\"widget\" data-widget_type=\"heading.default\">\n\t\t\t\t<div class=\"elementor-widget-container\">\n\t\t\t\t\t<h5 class=\"elementor-heading-title elementor-size-default\">Die Menschen, die in den Binnengebieten Kameruns leben, sind t\u00e4glich mit Problemen in den Bereichen Gesundheit, Bildung, Ausbildung und sogar Ern\u00e4hrung konfrontiert. Hinzu kommen B\u00fcrgerkriege und vielgestaltige Krisen, die Frauen, M\u00e4nner und Kinder dazu veranlassen, an andere Orte zu ziehen. Diese Vertreibungen erschweren das t\u00e4gliche \u00dcberleben dieser Menschen, denen es manchmal an allem fehlt, noch mehr. Unsere Mission ist es daher, zur Verbesserung der Lebensbedingungen dieser Menschen durch nachhaltige und solidarische Ma\u00dfnahmen beizutragen: Gesundheitsversorgung, Berufsausbildung, Sensibilisierung, Information, Ausstattung mit Computern, etc.<\/h5>\t\t\t\t<\/div>\n\t\t\t\t<\/div>\n\t\t\t\t<\/div>\n\t\t\t\t<\/div>","protected":false},"excerpt":{"rendered":"<p>NOS MISSIONS Les populations vivants dans les zones enclav\u00e9es du Cameroun sont quotidiennement confront\u00e9es au probl\u00e8mes de sant\u00e9, d\u2019\u00e9ducation, de formation et m\u00eame de nutrition. A cela s\u2019ajoutent s\u2018ajoutent les [&hellip;]<\/p>\n","protected":false},"author":1,"featured_media":1076,"parent":0,"menu_order":0,"comment_status":"closed","ping_status":"closed","template":"","meta":{"footnotes":""},"class_list":["post-10","page","type-page","status-publish","has-post-thumbnail","hentry"],"yoast_head":"<!-- This site is optimized with the Yoast SEO plugin v27.5 - https:\/\/yoast.com\/product\/yoast-seo-wordpress\/ -->\n<title>NOS MISSIONS - ASSOCIATION MAIN DANS LA MAIN DE NKOLMESSENG<\/title>\n<meta name=\"robots\" content=\"index, follow, max-snippet:-1, max-image-preview:large, max-video-preview:-1\" \/>\n<link rel=\"canonical\" href=\"https:\/\/ass-main-dans-main-nkol.org\/de\/nos-missions\/\" \/>\n<meta property=\"og:locale\" content=\"de_DE\" \/>\n<meta property=\"og:type\" content=\"article\" \/>\n<meta property=\"og:title\" content=\"NOS MISSIONS - ASSOCIATION MAIN DANS LA MAIN DE NKOLMESSENG\" \/>\n<meta property=\"og:description\" content=\"NOS MISSIONS Les populations vivants dans les zones enclav\u00e9es du Cameroun sont quotidiennement confront\u00e9es au probl\u00e8mes de sant\u00e9, d\u2019\u00e9ducation, de formation et m\u00eame de nutrition. A cela s\u2019ajoutent s\u2018ajoutent les [&hellip;]\" \/>\n<meta property=\"og:url\" content=\"https:\/\/ass-main-dans-main-nkol.org\/de\/nos-missions\/\" \/>\n<meta property=\"og:site_name\" content=\"ASSOCIATION MAIN DANS LA MAIN DE NKOLMESSENG\" \/>\n<meta property=\"article:modified_time\" content=\"2024-07-06T19:26:20+00:00\" \/>\n<meta property=\"og:image\" content=\"https:\/\/ass-main-dans-main-nkol.org\/wp-content\/uploads\/2024\/02\/IMG-20220520-WA0022.jpg\" \/>\n\t<meta property=\"og:image:width\" content=\"1600\" \/>\n\t<meta property=\"og:image:height\" content=\"771\" \/>\n\t<meta property=\"og:image:type\" content=\"image\/jpeg\" \/>\n<meta name=\"twitter:card\" content=\"summary_large_image\" \/>\n<meta name=\"twitter:label1\" content=\"Gesch\u00e4tzte Lesezeit\" \/>\n\t<meta name=\"twitter:data1\" content=\"1\u00a0Minute\" \/>\n<script type=\"application\/ld+json\" class=\"yoast-schema-graph\">{\"@context\":\"https:\\\/\\\/schema.org\",\"@graph\":[{\"@type\":\"WebPage\",\"@id\":\"https:\\\/\\\/ass-main-dans-main-nkol.org\\\/nos-missions\\\/\",\"url\":\"https:\\\/\\\/ass-main-dans-main-nkol.org\\\/nos-missions\\\/\",\"name\":\"NOS MISSIONS - ASSOCIATION MAIN DANS LA MAIN DE NKOLMESSENG\",\"isPartOf\":{\"@id\":\"https:\\\/\\\/ass-main-dans-main-nkol.org\\\/#website\"},\"primaryImageOfPage\":{\"@id\":\"https:\\\/\\\/ass-main-dans-main-nkol.org\\\/nos-missions\\\/#primaryimage\"},\"image\":{\"@id\":\"https:\\\/\\\/ass-main-dans-main-nkol.org\\\/nos-missions\\\/#primaryimage\"},\"thumbnailUrl\":\"https:\\\/\\\/ass-main-dans-main-nkol.org\\\/wp-content\\\/uploads\\\/2024\\\/02\\\/IMG-20220520-WA0022.jpg\",\"datePublished\":\"2023-12-13T19:26:14+00:00\",\"dateModified\":\"2024-07-06T19:26:20+00:00\",\"breadcrumb\":{\"@id\":\"https:\\\/\\\/ass-main-dans-main-nkol.org\\\/nos-missions\\\/#breadcrumb\"},\"inLanguage\":\"de\",\"potentialAction\":[{\"@type\":\"ReadAction\",\"target\":[\"https:\\\/\\\/ass-main-dans-main-nkol.org\\\/nos-missions\\\/\"]}]},{\"@type\":\"ImageObject\",\"inLanguage\":\"de\",\"@id\":\"https:\\\/\\\/ass-main-dans-main-nkol.org\\\/nos-missions\\\/#primaryimage\",\"url\":\"https:\\\/\\\/ass-main-dans-main-nkol.org\\\/wp-content\\\/uploads\\\/2024\\\/02\\\/IMG-20220520-WA0022.jpg\",\"contentUrl\":\"https:\\\/\\\/ass-main-dans-main-nkol.org\\\/wp-content\\\/uploads\\\/2024\\\/02\\\/IMG-20220520-WA0022.jpg\",\"width\":1600,\"height\":771},{\"@type\":\"BreadcrumbList\",\"@id\":\"https:\\\/\\\/ass-main-dans-main-nkol.org\\\/nos-missions\\\/#breadcrumb\",\"itemListElement\":[{\"@type\":\"ListItem\",\"position\":1,\"name\":\"Accueil\",\"item\":\"https:\\\/\\\/ass-main-dans-main-nkol.org\\\/\"},{\"@type\":\"ListItem\",\"position\":2,\"name\":\"NOS MISSIONS\"}]},{\"@type\":\"WebSite\",\"@id\":\"https:\\\/\\\/ass-main-dans-main-nkol.org\\\/#website\",\"url\":\"https:\\\/\\\/ass-main-dans-main-nkol.org\\\/\",\"name\":\"ASSOCIATION MAIN DANS LA MAIN DE NKOLMESSENG\",\"description\":\"Les gestes de coeur au service des personnes d\u00e9favoris\u00e9es\",\"publisher\":{\"@id\":\"https:\\\/\\\/ass-main-dans-main-nkol.org\\\/#organization\"},\"potentialAction\":[{\"@type\":\"SearchAction\",\"target\":{\"@type\":\"EntryPoint\",\"urlTemplate\":\"https:\\\/\\\/ass-main-dans-main-nkol.org\\\/?s={search_term_string}\"},\"query-input\":{\"@type\":\"PropertyValueSpecification\",\"valueRequired\":true,\"valueName\":\"search_term_string\"}}],\"inLanguage\":\"de\"},{\"@type\":\"Organization\",\"@id\":\"https:\\\/\\\/ass-main-dans-main-nkol.org\\\/#organization\",\"name\":\"ASSOCIATION MAIN DANS LA MAIN DE NKOLMESSENG\",\"url\":\"https:\\\/\\\/ass-main-dans-main-nkol.org\\\/\",\"logo\":{\"@type\":\"ImageObject\",\"inLanguage\":\"de\",\"@id\":\"https:\\\/\\\/ass-main-dans-main-nkol.org\\\/#\\\/schema\\\/logo\\\/image\\\/\",\"url\":\"https:\\\/\\\/ass-main-dans-main-nkol.org\\\/wp-content\\\/uploads\\\/2024\\\/04\\\/cropped-cropped-Adobe_Express_20240415_2020470_1.png\",\"contentUrl\":\"https:\\\/\\\/ass-main-dans-main-nkol.org\\\/wp-content\\\/uploads\\\/2024\\\/04\\\/cropped-cropped-Adobe_Express_20240415_2020470_1.png\",\"width\":250,\"height\":250,\"caption\":\"ASSOCIATION MAIN DANS LA MAIN DE NKOLMESSENG\"},\"image\":{\"@id\":\"https:\\\/\\\/ass-main-dans-main-nkol.org\\\/#\\\/schema\\\/logo\\\/image\\\/\"}}]}<\/script>\n<!-- \/ Yoast SEO plugin. -->","yoast_head_json":{"title":"UNSERE AUFGABEN - NKOLMESSENG HAND IN HAND ASSOCIATION","robots":{"index":"index","follow":"follow","max-snippet":"max-snippet:-1","max-image-preview":"max-image-preview:large","max-video-preview":"max-video-preview:-1"},"canonical":"https:\/\/ass-main-dans-main-nkol.org\/de\/nos-missions\/","og_locale":"de_DE","og_type":"article","og_title":"NOS MISSIONS - ASSOCIATION MAIN DANS LA MAIN DE NKOLMESSENG","og_description":"NOS MISSIONS Les populations vivants dans les zones enclav\u00e9es du Cameroun sont quotidiennement confront\u00e9es au probl\u00e8mes de sant\u00e9, d\u2019\u00e9ducation, de formation et m\u00eame de nutrition. A cela s\u2019ajoutent s\u2018ajoutent les [&hellip;]","og_url":"https:\/\/ass-main-dans-main-nkol.org\/de\/nos-missions\/","og_site_name":"ASSOCIATION MAIN DANS LA MAIN DE NKOLMESSENG","article_modified_time":"2024-07-06T19:26:20+00:00","og_image":[{"width":1600,"height":771,"url":"https:\/\/ass-main-dans-main-nkol.org\/wp-content\/uploads\/2024\/02\/IMG-20220520-WA0022.jpg","type":"image\/jpeg"}],"twitter_card":"summary_large_image","twitter_misc":{"Gesch\u00e4tzte Lesezeit":"1\u00a0Minute"},"schema":{"@context":"https:\/\/schema.org","@graph":[{"@type":"WebPage","@id":"https:\/\/ass-main-dans-main-nkol.org\/nos-missions\/","url":"https:\/\/ass-main-dans-main-nkol.org\/nos-missions\/","name":"UNSERE AUFGABEN - NKOLMESSENG HAND IN HAND ASSOCIATION","isPartOf":{"@id":"https:\/\/ass-main-dans-main-nkol.org\/#website"},"primaryImageOfPage":{"@id":"https:\/\/ass-main-dans-main-nkol.org\/nos-missions\/#primaryimage"},"image":{"@id":"https:\/\/ass-main-dans-main-nkol.org\/nos-missions\/#primaryimage"},"thumbnailUrl":"https:\/\/ass-main-dans-main-nkol.org\/wp-content\/uploads\/2024\/02\/IMG-20220520-WA0022.jpg","datePublished":"2023-12-13T19:26:14+00:00","dateModified":"2024-07-06T19:26:20+00:00","breadcrumb":{"@id":"https:\/\/ass-main-dans-main-nkol.org\/nos-missions\/#breadcrumb"},"inLanguage":"de","potentialAction":[{"@type":"ReadAction","target":["https:\/\/ass-main-dans-main-nkol.org\/nos-missions\/"]}]},{"@type":"ImageObject","inLanguage":"de","@id":"https:\/\/ass-main-dans-main-nkol.org\/nos-missions\/#primaryimage","url":"https:\/\/ass-main-dans-main-nkol.org\/wp-content\/uploads\/2024\/02\/IMG-20220520-WA0022.jpg","contentUrl":"https:\/\/ass-main-dans-main-nkol.org\/wp-content\/uploads\/2024\/02\/IMG-20220520-WA0022.jpg","width":1600,"height":771},{"@type":"BreadcrumbList","@id":"https:\/\/ass-main-dans-main-nkol.org\/nos-missions\/#breadcrumb","itemListElement":[{"@type":"ListItem","position":1,"name":"Accueil","item":"https:\/\/ass-main-dans-main-nkol.org\/"},{"@type":"ListItem","position":2,"name":"NOS MISSIONS"}]},{"@type":"WebSite","@id":"https:\/\/ass-main-dans-main-nkol.org\/#website","url":"https:\/\/ass-main-dans-main-nkol.org\/","name":"VEREIN HAND IN HAND IN NKOLMESSENG","description":"Herzensgesten f\u00fcr benachteiligte Menschen","publisher":{"@id":"https:\/\/ass-main-dans-main-nkol.org\/#organization"},"potentialAction":[{"@type":"SearchAction","target":{"@type":"EntryPoint","urlTemplate":"https:\/\/ass-main-dans-main-nkol.org\/?s={search_term_string}"},"query-input":{"@type":"PropertyValueSpecification","valueRequired":true,"valueName":"search_term_string"}}],"inLanguage":"de"},{"@type":"Organization","@id":"https:\/\/ass-main-dans-main-nkol.org\/#organization","name":"VEREIN HAND IN HAND IN NKOLMESSENG","url":"https:\/\/ass-main-dans-main-nkol.org\/","logo":{"@type":"ImageObject","inLanguage":"de","@id":"https:\/\/ass-main-dans-main-nkol.org\/#\/schema\/logo\/image\/","url":"https:\/\/ass-main-dans-main-nkol.org\/wp-content\/uploads\/2024\/04\/cropped-cropped-Adobe_Express_20240415_2020470_1.png","contentUrl":"https:\/\/ass-main-dans-main-nkol.org\/wp-content\/uploads\/2024\/04\/cropped-cropped-Adobe_Express_20240415_2020470_1.png","width":250,"height":250,"caption":"ASSOCIATION MAIN DANS LA MAIN DE NKOLMESSENG"},"image":{"@id":"https:\/\/ass-main-dans-main-nkol.org\/#\/schema\/logo\/image\/"}}]}},"jetpack_sharing_enabled":true,"_links":{"self":[{"href":"https:\/\/ass-main-dans-main-nkol.org\/de\/wp-json\/wp\/v2\/pages\/10","targetHints":{"allow":["GET"]}}],"collection":[{"href":"https:\/\/ass-main-dans-main-nkol.org\/de\/wp-json\/wp\/v2\/pages"}],"about":[{"href":"https:\/\/ass-main-dans-main-nkol.org\/de\/wp-json\/wp\/v2\/types\/page"}],"author":[{"embeddable":true,"href":"https:\/\/ass-main-dans-main-nkol.org\/de\/wp-json\/wp\/v2\/users\/1"}],"replies":[{"embeddable":true,"href":"https:\/\/ass-main-dans-main-nkol.org\/de\/wp-json\/wp\/v2\/comments?post=10"}],"version-history":[{"count":0,"href":"https:\/\/ass-main-dans-main-nkol.org\/de\/wp-json\/wp\/v2\/pages\/10\/revisions"}],"wp:featuredmedia":[{"embeddable":true,"href":"https:\/\/ass-main-dans-main-nkol.org\/de\/wp-json\/wp\/v2\/media\/1076"}],"wp:attachment":[{"href":"https:\/\/ass-main-dans-main-nkol.org\/de\/wp-json\/wp\/v2\/media?parent=10"}],"curies":[{"name":"wp","href":"https:\/\/api.w.org\/{rel}","templated":true}]}}