{"id":9,"date":"2023-12-13T20:26:14","date_gmt":"2023-12-13T19:26:14","guid":{"rendered":"http:\/\/ass-main-dans-main-nkol.org\/?page_id=9"},"modified":"2025-07-25T04:37:21","modified_gmt":"2025-07-25T02:37:21","slug":"qui-sommes-nous","status":"publish","type":"page","link":"https:\/\/ass-main-dans-main-nkol.org\/en\/qui-sommes-nous\/","title":{"rendered":"WHO WE ARE"},"content":{"rendered":"<div data-elementor-type=\"wp-page\" data-elementor-id=\"9\" class=\"elementor elementor-9\">\n\t\t\t\t<div class=\"elementor-element elementor-element-67c26e3 e-con-full e-flex e-con e-parent\" data-id=\"67c26e3\" data-element_type=\"container\" data-e-type=\"container\">\n\t\t\t\t<div class=\"elementor-element elementor-element-c0dd1dd elementor-widget__width-inherit elementor-widget elementor-widget-whitehall_banner_v2\" data-id=\"c0dd1dd\" data-element_type=\"widget\" data-e-type=\"widget\" data-widget_type=\"whitehall_banner_v2.default\">\n\t\t\t\t<div class=\"elementor-widget-container\">\n\t\t\t\t\t    \n\t<!-- banner-section -->\n    <section class=\"banner-section style-two centred\">\n        <div class=\"banner-carousel owl-theme owl-carousel owl-dots-none\">\n                        <div class=\"slide-item\">\n                <div class=\"image-layer\" style=\"background-image:url(https:\/\/ass-main-dans-main-nkol.org\/wp-content\/uploads\/2025\/07\/FB_IMG_1751658483270.jpg)\"><\/div>\n                <div class=\"auto-container\">\n                    <div class=\"content-box\">\n                        <h1>Who are we?<\/h1>\n                        <p><\/p>\n                                            <\/div> \n                <\/div>\n            <\/div>\n                    <\/div>\n    <\/section>\n    <!-- banner-section end -->\n        \n        \n        \t\t\t\t<\/div>\n\t\t\t\t<\/div>\n\t\t\t\t<\/div>\n\t\t<div class=\"elementor-element elementor-element-6394fa6 e-con-full e-flex e-con e-parent\" data-id=\"6394fa6\" data-element_type=\"container\" data-e-type=\"container\" data-settings=\"{&quot;background_background&quot;:&quot;classic&quot;}\">\n\t\t\t\t<div class=\"elementor-element elementor-element-98e296f elementor-widget elementor-widget-whitehall_banner_v2\" data-id=\"98e296f\" data-element_type=\"widget\" data-e-type=\"widget\" data-widget_type=\"whitehall_banner_v2.default\">\n\t\t\t\t<div class=\"elementor-widget-container\">\n\t\t\t\t\t    \n\t<!-- banner-section -->\n    <section class=\"banner-section style-two centred\">\n        <div class=\"banner-carousel owl-theme owl-carousel owl-dots-none\">\n                        <div class=\"slide-item\">\n                <div class=\"image-layer\" style=\"background-image:url()\"><\/div>\n                <div class=\"auto-container\">\n                    <div class=\"content-box\">\n                        <h1>ASSOCIATION MAIN DANS LA MAIN DE NKOLMESSENG :\na humanitarian association in cameroon<\/h1>\n                        <p><\/p>\n                                            <\/div> \n                <\/div>\n            <\/div>\n                    <\/div>\n    <\/section>\n    <!-- banner-section end -->\n        \n        \n        \t\t\t\t<\/div>\n\t\t\t\t<\/div>\n\t\t\t\t<\/div>\n\t\t<div class=\"elementor-element elementor-element-c048a4a e-flex e-con-boxed e-con e-parent\" data-id=\"c048a4a\" data-element_type=\"container\" data-e-type=\"container\">\n\t\t\t\t\t<div class=\"e-con-inner\">\n\t\t\t\t<div class=\"elementor-element elementor-element-a74747a elementor-widget elementor-widget-image\" data-id=\"a74747a\" data-element_type=\"widget\" data-e-type=\"widget\" data-widget_type=\"image.default\">\n\t\t\t\t<div class=\"elementor-widget-container\">\n\t\t\t\t\t\t\t\t\t\t\t\t\t\t\t<img fetchpriority=\"high\" width=\"512\" height=\"512\"  class=\"attachment-large size-large wp-image-1667 lws-optimize-lazyload\" alt=\"\" srcset=\"https:\/\/ass-main-dans-main-nkol.org\/wp-content\/uploads\/2024\/04\/cropped-Adobe_Express_20240415_2020470_1.png 512w, https:\/\/ass-main-dans-main-nkol.org\/wp-content\/uploads\/2024\/04\/cropped-Adobe_Express_20240415_2020470_1-300x300.png 300w, https:\/\/ass-main-dans-main-nkol.org\/wp-content\/uploads\/2024\/04\/cropped-Adobe_Express_20240415_2020470_1-150x150.png 150w, https:\/\/ass-main-dans-main-nkol.org\/wp-content\/uploads\/2024\/04\/cropped-Adobe_Express_20240415_2020470_1-120x120.png 120w, https:\/\/ass-main-dans-main-nkol.org\/wp-content\/uploads\/2024\/04\/cropped-Adobe_Express_20240415_2020470_1-270x270.png 270w, https:\/\/ass-main-dans-main-nkol.org\/wp-content\/uploads\/2024\/04\/cropped-Adobe_Express_20240415_2020470_1-60x60.png 60w, https:\/\/ass-main-dans-main-nkol.org\/wp-content\/uploads\/2024\/04\/cropped-Adobe_Express_20240415_2020470_1-192x192.png 192w, https:\/\/ass-main-dans-main-nkol.org\/wp-content\/uploads\/2024\/04\/cropped-Adobe_Express_20240415_2020470_1-180x180.png 180w, https:\/\/ass-main-dans-main-nkol.org\/wp-content\/uploads\/2024\/04\/cropped-Adobe_Express_20240415_2020470_1-32x32.png 32w\" sizes=\"(max-width: 512px) 100vw, 512px\" >\t\t\t\t\t\t\t\t\t\t\t\t\t\t\t<\/div>\n\t\t\t\t<\/div>\n\t\t\t\t\t<\/div>\n\t\t\t\t<\/div>\n\t\t<div class=\"elementor-element elementor-element-b09ccc9 e-con-full e-flex e-con e-parent\" data-id=\"b09ccc9\" data-element_type=\"container\" data-e-type=\"container\">\n\t\t\t\t<div class=\"elementor-element elementor-element-c72532d elementor-widget elementor-widget-text-editor\" data-id=\"c72532d\" data-element_type=\"widget\" data-e-type=\"widget\" data-widget_type=\"text-editor.default\">\n\t\t\t\t<div class=\"elementor-widget-container\">\n\t\t\t\t\t\t\t\t\t<p style=\"text-align: left;\"><strong>ASSOCIATION MAIN DANS LA MAIN DE NKOLMESSENG<\/strong> is an apolitical association with a legal existence whose head office is based at <em><strong>Cameroon<\/strong><\/em>. It is made up of men and women of good will, driven by the desire to find lasting solutions to the problems facing neglected populations.<\/p>\t\t\t\t\t\t\t\t<\/div>\n\t\t\t\t<\/div>\n\t\t\t\t<\/div>\n\t\t\t\t<\/div>","protected":false},"excerpt":{"rendered":"<p>Qui sommes nous ? ASSOCIATION MAIN DANS LA MAIN DE NKOLMESSENG : une association humanitaire au cameroun ASSOCIATION MAIN DANS LA MAIN DE NKOLMESSENG est une association \u00e0 caract\u00e8re apolitique [&hellip;]<\/p>\n","protected":false},"author":1,"featured_media":30,"parent":0,"menu_order":0,"comment_status":"closed","ping_status":"closed","template":"","meta":{"footnotes":""},"class_list":["post-9","page","type-page","status-publish","has-post-thumbnail","hentry"],"yoast_head":"<!-- This site is optimized with the Yoast SEO plugin v27.4 - https:\/\/yoast.com\/product\/yoast-seo-wordpress\/ -->\n<title>QUI SOMMES NOUS - ASSOCIATION MAIN DANS LA MAIN DE NKOLMESSENG<\/title>\n<meta name=\"description\" content=\"ASSOCIATION MAIN DANS LA MAIN DE NKOLMESSENG est une association \u00e0 caract\u00e8re apolitique avec une existence l\u00e9gale dont le si\u00e8ge est base au Cameroun. Elle est compos\u00e9e d\u2019hommes et de femmes de bonne volont\u00e9 , anim\u00e9s par le d\u00e9sir d\u2019apporter les solutions durables aux probl\u00e8mes auxquels les populations d\u00e9laiss\u00e9es sont confront\u00e9es.\" \/>\n<meta name=\"robots\" content=\"index, follow, max-snippet:-1, max-image-preview:large, max-video-preview:-1\" \/>\n<link rel=\"canonical\" href=\"https:\/\/ass-main-dans-main-nkol.org\/en\/qui-sommes-nous\/\" \/>\n<meta property=\"og:locale\" content=\"en_US\" \/>\n<meta property=\"og:type\" content=\"article\" \/>\n<meta property=\"og:title\" content=\"QUI SOMMES NOUS - ASSOCIATION MAIN DANS LA MAIN DE NKOLMESSENG\" \/>\n<meta property=\"og:description\" content=\"ASSOCIATION MAIN DANS LA MAIN DE NKOLMESSENG est une association \u00e0 caract\u00e8re apolitique avec une existence l\u00e9gale dont le si\u00e8ge est base au Cameroun. Elle est compos\u00e9e d\u2019hommes et de femmes de bonne volont\u00e9 , anim\u00e9s par le d\u00e9sir d\u2019apporter les solutions durables aux probl\u00e8mes auxquels les populations d\u00e9laiss\u00e9es sont confront\u00e9es.\" \/>\n<meta property=\"og:url\" content=\"https:\/\/ass-main-dans-main-nkol.org\/en\/qui-sommes-nous\/\" \/>\n<meta property=\"og:site_name\" content=\"ASSOCIATION MAIN DANS LA MAIN DE NKOLMESSENG\" \/>\n<meta property=\"article:modified_time\" content=\"2025-07-25T02:37:21+00:00\" \/>\n<meta property=\"og:image\" content=\"https:\/\/ass-main-dans-main-nkol.org\/wp-content\/uploads\/2023\/12\/cropped-IMG-20231015-WA0001-1.jpg\" \/>\n\t<meta property=\"og:image:width\" content=\"250\" \/>\n\t<meta property=\"og:image:height\" content=\"250\" \/>\n\t<meta property=\"og:image:type\" content=\"image\/jpeg\" \/>\n<meta name=\"twitter:card\" content=\"summary_large_image\" \/>\n<meta name=\"twitter:label1\" content=\"Est. reading time\" \/>\n\t<meta name=\"twitter:data1\" content=\"1 minute\" \/>\n<script type=\"application\/ld+json\" class=\"yoast-schema-graph\">{\"@context\":\"https:\\\/\\\/schema.org\",\"@graph\":[{\"@type\":\"WebPage\",\"@id\":\"https:\\\/\\\/ass-main-dans-main-nkol.org\\\/qui-sommes-nous\\\/\",\"url\":\"https:\\\/\\\/ass-main-dans-main-nkol.org\\\/qui-sommes-nous\\\/\",\"name\":\"QUI SOMMES NOUS - ASSOCIATION MAIN DANS LA MAIN DE NKOLMESSENG\",\"isPartOf\":{\"@id\":\"https:\\\/\\\/ass-main-dans-main-nkol.org\\\/#website\"},\"primaryImageOfPage\":{\"@id\":\"https:\\\/\\\/ass-main-dans-main-nkol.org\\\/qui-sommes-nous\\\/#primaryimage\"},\"image\":{\"@id\":\"https:\\\/\\\/ass-main-dans-main-nkol.org\\\/qui-sommes-nous\\\/#primaryimage\"},\"thumbnailUrl\":\"https:\\\/\\\/ass-main-dans-main-nkol.org\\\/wp-content\\\/uploads\\\/2023\\\/12\\\/cropped-IMG-20231015-WA0001-1.jpg\",\"datePublished\":\"2023-12-13T19:26:14+00:00\",\"dateModified\":\"2025-07-25T02:37:21+00:00\",\"description\":\"ASSOCIATION MAIN DANS LA MAIN DE NKOLMESSENG est une association \u00e0 caract\u00e8re apolitique avec une existence l\u00e9gale dont le si\u00e8ge est base au Cameroun. Elle est compos\u00e9e d\u2019hommes et de femmes de bonne volont\u00e9 , anim\u00e9s par le d\u00e9sir d\u2019apporter les solutions durables aux probl\u00e8mes auxquels les populations d\u00e9laiss\u00e9es sont confront\u00e9es.\",\"breadcrumb\":{\"@id\":\"https:\\\/\\\/ass-main-dans-main-nkol.org\\\/qui-sommes-nous\\\/#breadcrumb\"},\"inLanguage\":\"en-US\",\"potentialAction\":[{\"@type\":\"ReadAction\",\"target\":[\"https:\\\/\\\/ass-main-dans-main-nkol.org\\\/qui-sommes-nous\\\/\"]}]},{\"@type\":\"ImageObject\",\"inLanguage\":\"en-US\",\"@id\":\"https:\\\/\\\/ass-main-dans-main-nkol.org\\\/qui-sommes-nous\\\/#primaryimage\",\"url\":\"https:\\\/\\\/ass-main-dans-main-nkol.org\\\/wp-content\\\/uploads\\\/2023\\\/12\\\/cropped-IMG-20231015-WA0001-1.jpg\",\"contentUrl\":\"https:\\\/\\\/ass-main-dans-main-nkol.org\\\/wp-content\\\/uploads\\\/2023\\\/12\\\/cropped-IMG-20231015-WA0001-1.jpg\",\"width\":250,\"height\":250},{\"@type\":\"BreadcrumbList\",\"@id\":\"https:\\\/\\\/ass-main-dans-main-nkol.org\\\/qui-sommes-nous\\\/#breadcrumb\",\"itemListElement\":[{\"@type\":\"ListItem\",\"position\":1,\"name\":\"Accueil\",\"item\":\"https:\\\/\\\/ass-main-dans-main-nkol.org\\\/\"},{\"@type\":\"ListItem\",\"position\":2,\"name\":\"QUI SOMMES NOUS\"}]},{\"@type\":\"WebSite\",\"@id\":\"https:\\\/\\\/ass-main-dans-main-nkol.org\\\/#website\",\"url\":\"https:\\\/\\\/ass-main-dans-main-nkol.org\\\/\",\"name\":\"ASSOCIATION MAIN DANS LA MAIN DE NKOLMESSENG\",\"description\":\"Les gestes de coeur au service des personnes d\u00e9favoris\u00e9es\",\"publisher\":{\"@id\":\"https:\\\/\\\/ass-main-dans-main-nkol.org\\\/#organization\"},\"potentialAction\":[{\"@type\":\"SearchAction\",\"target\":{\"@type\":\"EntryPoint\",\"urlTemplate\":\"https:\\\/\\\/ass-main-dans-main-nkol.org\\\/?s={search_term_string}\"},\"query-input\":{\"@type\":\"PropertyValueSpecification\",\"valueRequired\":true,\"valueName\":\"search_term_string\"}}],\"inLanguage\":\"en-US\"},{\"@type\":\"Organization\",\"@id\":\"https:\\\/\\\/ass-main-dans-main-nkol.org\\\/#organization\",\"name\":\"ASSOCIATION MAIN DANS LA MAIN DE NKOLMESSENG\",\"url\":\"https:\\\/\\\/ass-main-dans-main-nkol.org\\\/\",\"logo\":{\"@type\":\"ImageObject\",\"inLanguage\":\"en-US\",\"@id\":\"https:\\\/\\\/ass-main-dans-main-nkol.org\\\/#\\\/schema\\\/logo\\\/image\\\/\",\"url\":\"https:\\\/\\\/ass-main-dans-main-nkol.org\\\/wp-content\\\/uploads\\\/2024\\\/04\\\/cropped-cropped-Adobe_Express_20240415_2020470_1.png\",\"contentUrl\":\"https:\\\/\\\/ass-main-dans-main-nkol.org\\\/wp-content\\\/uploads\\\/2024\\\/04\\\/cropped-cropped-Adobe_Express_20240415_2020470_1.png\",\"width\":250,\"height\":250,\"caption\":\"ASSOCIATION MAIN DANS LA MAIN DE NKOLMESSENG\"},\"image\":{\"@id\":\"https:\\\/\\\/ass-main-dans-main-nkol.org\\\/#\\\/schema\\\/logo\\\/image\\\/\"}}]}<\/script>\n<!-- \/ Yoast SEO plugin. -->","yoast_head_json":{"title":"WHO WE ARE - ASSOCIATION MAIN DANS LA MAIN DE NKOLMESSENG","description":"ASSOCIATION MAIN DANS LA MAIN DE NKOLMESSENG est une association \u00e0 caract\u00e8re apolitique avec une existence l\u00e9gale dont le si\u00e8ge est base au Cameroun. Elle est compos\u00e9e d\u2019hommes et de femmes de bonne volont\u00e9 , anim\u00e9s par le d\u00e9sir d\u2019apporter les solutions durables aux probl\u00e8mes auxquels les populations d\u00e9laiss\u00e9es sont confront\u00e9es.","robots":{"index":"index","follow":"follow","max-snippet":"max-snippet:-1","max-image-preview":"max-image-preview:large","max-video-preview":"max-video-preview:-1"},"canonical":"https:\/\/ass-main-dans-main-nkol.org\/en\/qui-sommes-nous\/","og_locale":"en_US","og_type":"article","og_title":"QUI SOMMES NOUS - ASSOCIATION MAIN DANS LA MAIN DE NKOLMESSENG","og_description":"ASSOCIATION MAIN DANS LA MAIN DE NKOLMESSENG est une association \u00e0 caract\u00e8re apolitique avec une existence l\u00e9gale dont le si\u00e8ge est base au Cameroun. Elle est compos\u00e9e d\u2019hommes et de femmes de bonne volont\u00e9 , anim\u00e9s par le d\u00e9sir d\u2019apporter les solutions durables aux probl\u00e8mes auxquels les populations d\u00e9laiss\u00e9es sont confront\u00e9es.","og_url":"https:\/\/ass-main-dans-main-nkol.org\/en\/qui-sommes-nous\/","og_site_name":"ASSOCIATION MAIN DANS LA MAIN DE NKOLMESSENG","article_modified_time":"2025-07-25T02:37:21+00:00","og_image":[{"width":250,"height":250,"url":"https:\/\/ass-main-dans-main-nkol.org\/wp-content\/uploads\/2023\/12\/cropped-IMG-20231015-WA0001-1.jpg","type":"image\/jpeg"}],"twitter_card":"summary_large_image","twitter_misc":{"Est. reading time":"1 minute"},"schema":{"@context":"https:\/\/schema.org","@graph":[{"@type":"WebPage","@id":"https:\/\/ass-main-dans-main-nkol.org\/qui-sommes-nous\/","url":"https:\/\/ass-main-dans-main-nkol.org\/qui-sommes-nous\/","name":"WHO WE ARE - ASSOCIATION MAIN DANS LA MAIN DE NKOLMESSENG","isPartOf":{"@id":"https:\/\/ass-main-dans-main-nkol.org\/#website"},"primaryImageOfPage":{"@id":"https:\/\/ass-main-dans-main-nkol.org\/qui-sommes-nous\/#primaryimage"},"image":{"@id":"https:\/\/ass-main-dans-main-nkol.org\/qui-sommes-nous\/#primaryimage"},"thumbnailUrl":"https:\/\/ass-main-dans-main-nkol.org\/wp-content\/uploads\/2023\/12\/cropped-IMG-20231015-WA0001-1.jpg","datePublished":"2023-12-13T19:26:14+00:00","dateModified":"2025-07-25T02:37:21+00:00","description":"ASSOCIATION MAIN DANS LA MAIN DE NKOLMESSENG est une association \u00e0 caract\u00e8re apolitique avec une existence l\u00e9gale dont le si\u00e8ge est base au Cameroun. Elle est compos\u00e9e d\u2019hommes et de femmes de bonne volont\u00e9 , anim\u00e9s par le d\u00e9sir d\u2019apporter les solutions durables aux probl\u00e8mes auxquels les populations d\u00e9laiss\u00e9es sont confront\u00e9es.","breadcrumb":{"@id":"https:\/\/ass-main-dans-main-nkol.org\/qui-sommes-nous\/#breadcrumb"},"inLanguage":"en-US","potentialAction":[{"@type":"ReadAction","target":["https:\/\/ass-main-dans-main-nkol.org\/qui-sommes-nous\/"]}]},{"@type":"ImageObject","inLanguage":"en-US","@id":"https:\/\/ass-main-dans-main-nkol.org\/qui-sommes-nous\/#primaryimage","url":"https:\/\/ass-main-dans-main-nkol.org\/wp-content\/uploads\/2023\/12\/cropped-IMG-20231015-WA0001-1.jpg","contentUrl":"https:\/\/ass-main-dans-main-nkol.org\/wp-content\/uploads\/2023\/12\/cropped-IMG-20231015-WA0001-1.jpg","width":250,"height":250},{"@type":"BreadcrumbList","@id":"https:\/\/ass-main-dans-main-nkol.org\/qui-sommes-nous\/#breadcrumb","itemListElement":[{"@type":"ListItem","position":1,"name":"Accueil","item":"https:\/\/ass-main-dans-main-nkol.org\/"},{"@type":"ListItem","position":2,"name":"QUI SOMMES NOUS"}]},{"@type":"WebSite","@id":"https:\/\/ass-main-dans-main-nkol.org\/#website","url":"https:\/\/ass-main-dans-main-nkol.org\/","name":"ASSOCIATION MAIN DANS LA MAIN DE NKOLMESSENG","description":"Heartfelt gestures to help the disadvantaged","publisher":{"@id":"https:\/\/ass-main-dans-main-nkol.org\/#organization"},"potentialAction":[{"@type":"SearchAction","target":{"@type":"EntryPoint","urlTemplate":"https:\/\/ass-main-dans-main-nkol.org\/?s={search_term_string}"},"query-input":{"@type":"PropertyValueSpecification","valueRequired":true,"valueName":"search_term_string"}}],"inLanguage":"en-US"},{"@type":"Organization","@id":"https:\/\/ass-main-dans-main-nkol.org\/#organization","name":"ASSOCIATION MAIN DANS LA MAIN DE NKOLMESSENG","url":"https:\/\/ass-main-dans-main-nkol.org\/","logo":{"@type":"ImageObject","inLanguage":"en-US","@id":"https:\/\/ass-main-dans-main-nkol.org\/#\/schema\/logo\/image\/","url":"https:\/\/ass-main-dans-main-nkol.org\/wp-content\/uploads\/2024\/04\/cropped-cropped-Adobe_Express_20240415_2020470_1.png","contentUrl":"https:\/\/ass-main-dans-main-nkol.org\/wp-content\/uploads\/2024\/04\/cropped-cropped-Adobe_Express_20240415_2020470_1.png","width":250,"height":250,"caption":"ASSOCIATION MAIN DANS LA MAIN DE NKOLMESSENG"},"image":{"@id":"https:\/\/ass-main-dans-main-nkol.org\/#\/schema\/logo\/image\/"}}]}},"jetpack_sharing_enabled":true,"_links":{"self":[{"href":"https:\/\/ass-main-dans-main-nkol.org\/en\/wp-json\/wp\/v2\/pages\/9","targetHints":{"allow":["GET"]}}],"collection":[{"href":"https:\/\/ass-main-dans-main-nkol.org\/en\/wp-json\/wp\/v2\/pages"}],"about":[{"href":"https:\/\/ass-main-dans-main-nkol.org\/en\/wp-json\/wp\/v2\/types\/page"}],"author":[{"embeddable":true,"href":"https:\/\/ass-main-dans-main-nkol.org\/en\/wp-json\/wp\/v2\/users\/1"}],"replies":[{"embeddable":true,"href":"https:\/\/ass-main-dans-main-nkol.org\/en\/wp-json\/wp\/v2\/comments?post=9"}],"version-history":[{"count":4,"href":"https:\/\/ass-main-dans-main-nkol.org\/en\/wp-json\/wp\/v2\/pages\/9\/revisions"}],"predecessor-version":[{"id":15605,"href":"https:\/\/ass-main-dans-main-nkol.org\/en\/wp-json\/wp\/v2\/pages\/9\/revisions\/15605"}],"wp:featuredmedia":[{"embeddable":true,"href":"https:\/\/ass-main-dans-main-nkol.org\/en\/wp-json\/wp\/v2\/media\/30"}],"wp:attachment":[{"href":"https:\/\/ass-main-dans-main-nkol.org\/en\/wp-json\/wp\/v2\/media?parent=9"}],"curies":[{"name":"wp","href":"https:\/\/api.w.org\/{rel}","templated":true}]}}