{"id":11,"date":"2023-12-13T20:26:14","date_gmt":"2023-12-13T19:26:14","guid":{"rendered":"http:\/\/ass-main-dans-main-nkol.org\/?page_id=11"},"modified":"2024-08-25T14:39:29","modified_gmt":"2024-08-25T12:39:29","slug":"contributions","status":"publish","type":"page","link":"https:\/\/ass-main-dans-main-nkol.org\/fr_fr\/contributions\/","title":{"rendered":"CONTRIBUTIONS"},"content":{"rendered":"\t\t<div data-elementor-type=\"wp-page\" data-elementor-id=\"11\" class=\"elementor elementor-11\">\n\t\t\t\t<div class=\"elementor-element elementor-element-b4a76da e-flex e-con-boxed e-con e-parent\" data-id=\"b4a76da\" data-element_type=\"container\" data-e-type=\"container\">\n\t\t\t\t\t<div class=\"e-con-inner\">\n\t\t\t\t\t<\/div>\n\t\t\t\t<\/div>\n\t\t<div class=\"elementor-element elementor-element-4e6c5c9 e-con-full e-flex e-con e-parent\" data-id=\"4e6c5c9\" data-element_type=\"container\" data-e-type=\"container\">\n\t\t\t\t<div class=\"elementor-element elementor-element-a2af3e8 elementor-widget elementor-widget-heading\" data-id=\"a2af3e8\" data-element_type=\"widget\" data-e-type=\"widget\" data-widget_type=\"heading.default\">\n\t\t\t\t<div class=\"elementor-widget-container\">\n\t\t\t\t\t<h2 class=\"elementor-heading-title elementor-size-default\">Nous vous sommes infiniment reconnaissant pour votre soutien.<\/h2>\t\t\t\t<\/div>\n\t\t\t\t<\/div>\n\t\t\t\t<div class=\"elementor-element elementor-element-f811f66 elementor-widget elementor-widget-heading\" data-id=\"f811f66\" data-element_type=\"widget\" data-e-type=\"widget\" data-widget_type=\"heading.default\">\n\t\t\t\t<div class=\"elementor-widget-container\">\n\t\t\t\t\t<span class=\"elementor-heading-title elementor-size-default\">               <\/span>\t\t\t\t<\/div>\n\t\t\t\t<\/div>\n\t\t\t\t<div class=\"elementor-element elementor-element-806c740 elementor-widget elementor-widget-heading\" data-id=\"806c740\" data-element_type=\"widget\" data-e-type=\"widget\" data-widget_type=\"heading.default\">\n\t\t\t\t<div class=\"elementor-widget-container\">\n\t\t\t\t\t<h4 class=\"elementor-heading-title elementor-size-default\">\"une seule main ne peut pas attacher un sac.\"<\/h4>\t\t\t\t<\/div>\n\t\t\t\t<\/div>\n\t\t\t\t<div class=\"elementor-element elementor-element-b3d1e02 elementor-widget elementor-widget-heading\" data-id=\"b3d1e02\" data-element_type=\"widget\" data-e-type=\"widget\" data-widget_type=\"heading.default\">\n\t\t\t\t<div class=\"elementor-widget-container\">\n\t\t\t\t\t<h4 class=\"elementor-heading-title elementor-size-default\">\"Votre geste compte .\nLa g\u00e9n\u00e9rosit\u00e9 nous rend plus heureux.\"<\/h4>\t\t\t\t<\/div>\n\t\t\t\t<\/div>\n\t\t\t\t<div class=\"elementor-element elementor-element-932fd3e elementor-widget elementor-widget-image\" data-id=\"932fd3e\" data-element_type=\"widget\" data-e-type=\"widget\" data-widget_type=\"image.default\">\n\t\t\t\t<div class=\"elementor-widget-container\">\n\t\t\t\t\t\t\t\t\t\t\t\t\t\t\t<img fetchpriority=\"high\" width=\"525\" height=\"461\"  class=\"attachment-large size-large wp-image-1702 lws-optimize-lazyload\" alt=\"\" srcset=\"https:\/\/ass-main-dans-main-nkol.org\/wp-content\/uploads\/2024\/04\/Screenshot_2024-04-18-16-30-15-3653.jpg 778w, https:\/\/ass-main-dans-main-nkol.org\/wp-content\/uploads\/2024\/04\/Screenshot_2024-04-18-16-30-15-3653-600x527.jpg 600w, https:\/\/ass-main-dans-main-nkol.org\/wp-content\/uploads\/2024\/04\/Screenshot_2024-04-18-16-30-15-3653-300x263.jpg 300w, https:\/\/ass-main-dans-main-nkol.org\/wp-content\/uploads\/2024\/04\/Screenshot_2024-04-18-16-30-15-3653-768x674.jpg 768w\" sizes=\"(max-width: 525px) 100vw, 525px\" \/ data-src=\"https:\/\/ass-main-dans-main-nkol.org\/wp-content\/uploads\/2024\/04\/Screenshot_2024-04-18-16-30-15-3653.jpg\">\t\t\t\t\t\t\t\t\t\t\t\t\t\t\t<\/div>\n\t\t\t\t<\/div>\n\t\t\t\t<\/div>\n\t\t<div class=\"elementor-element elementor-element-cd84227 e-flex e-con-boxed e-con e-parent\" data-id=\"cd84227\" data-element_type=\"container\" data-e-type=\"container\">\n\t\t\t\t\t<div class=\"e-con-inner\">\n\t\t\t\t<div class=\"elementor-element elementor-element-49c7931 elementor-widget elementor-widget-heading\" data-id=\"49c7931\" data-element_type=\"widget\" data-e-type=\"widget\" data-widget_type=\"heading.default\">\n\t\t\t\t<div class=\"elementor-widget-container\">\n\t\t\t\t\t<h2 class=\"elementor-heading-title elementor-size-default\">Merci pour votre contribution.<\/h2>\t\t\t\t<\/div>\n\t\t\t\t<\/div>\n\t\t\t\t<div class=\"elementor-element elementor-element-6f3fc22 e-transform e-transform elementor-widget elementor-widget-image\" data-id=\"6f3fc22\" data-element_type=\"widget\" data-e-type=\"widget\" data-settings=\"{&quot;_transform_rotateZ_effect&quot;:{&quot;unit&quot;:&quot;px&quot;,&quot;size&quot;:-90,&quot;sizes&quot;:[]},&quot;_transform_translateX_effect&quot;:{&quot;unit&quot;:&quot;px&quot;,&quot;size&quot;:-50,&quot;sizes&quot;:[]},&quot;_transform_rotateZ_effect_tablet&quot;:{&quot;unit&quot;:&quot;deg&quot;,&quot;size&quot;:&quot;&quot;,&quot;sizes&quot;:[]},&quot;_transform_rotateZ_effect_mobile&quot;:{&quot;unit&quot;:&quot;deg&quot;,&quot;size&quot;:&quot;&quot;,&quot;sizes&quot;:[]},&quot;_transform_translateX_effect_tablet&quot;:{&quot;unit&quot;:&quot;px&quot;,&quot;size&quot;:&quot;&quot;,&quot;sizes&quot;:[]},&quot;_transform_translateX_effect_mobile&quot;:{&quot;unit&quot;:&quot;px&quot;,&quot;size&quot;:&quot;&quot;,&quot;sizes&quot;:[]},&quot;_transform_translateY_effect&quot;:{&quot;unit&quot;:&quot;px&quot;,&quot;size&quot;:&quot;&quot;,&quot;sizes&quot;:[]},&quot;_transform_translateY_effect_tablet&quot;:{&quot;unit&quot;:&quot;px&quot;,&quot;size&quot;:&quot;&quot;,&quot;sizes&quot;:[]},&quot;_transform_translateY_effect_mobile&quot;:{&quot;unit&quot;:&quot;px&quot;,&quot;size&quot;:&quot;&quot;,&quot;sizes&quot;:[]}}\" data-widget_type=\"image.default\">\n\t\t\t\t<div class=\"elementor-widget-container\">\n\t\t\t\t\t\t\t\t\t\t\t\t\t\t\t<img width=\"525\" height=\"525\"  class=\"attachment-large size-large wp-image-2164 lws-optimize-lazyload\" alt=\"\" srcset=\"https:\/\/ass-main-dans-main-nkol.org\/wp-content\/uploads\/2024\/08\/Adobe_Express_20240824_0639310_1-1024x1024.png 1024w, https:\/\/ass-main-dans-main-nkol.org\/wp-content\/uploads\/2024\/08\/Adobe_Express_20240824_0639310_1-300x300.png 300w, https:\/\/ass-main-dans-main-nkol.org\/wp-content\/uploads\/2024\/08\/Adobe_Express_20240824_0639310_1-150x150.png 150w, https:\/\/ass-main-dans-main-nkol.org\/wp-content\/uploads\/2024\/08\/Adobe_Express_20240824_0639310_1-768x768.png 768w, https:\/\/ass-main-dans-main-nkol.org\/wp-content\/uploads\/2024\/08\/Adobe_Express_20240824_0639310_1-12x12.png 12w, https:\/\/ass-main-dans-main-nkol.org\/wp-content\/uploads\/2024\/08\/Adobe_Express_20240824_0639310_1-120x120.png 120w, https:\/\/ass-main-dans-main-nkol.org\/wp-content\/uploads\/2024\/08\/Adobe_Express_20240824_0639310_1-270x270.png 270w, https:\/\/ass-main-dans-main-nkol.org\/wp-content\/uploads\/2024\/08\/Adobe_Express_20240824_0639310_1-60x60.png 60w, https:\/\/ass-main-dans-main-nkol.org\/wp-content\/uploads\/2024\/08\/Adobe_Express_20240824_0639310_1-600x600.png 600w, https:\/\/ass-main-dans-main-nkol.org\/wp-content\/uploads\/2024\/08\/Adobe_Express_20240824_0639310_1-100x100.png 100w, https:\/\/ass-main-dans-main-nkol.org\/wp-content\/uploads\/2024\/08\/Adobe_Express_20240824_0639310_1.png 1080w\" sizes=\"(max-width: 525px) 100vw, 525px\" \/ data-src=\"https:\/\/ass-main-dans-main-nkol.org\/wp-content\/uploads\/2024\/08\/Adobe_Express_20240824_0639310_1-1024x1024.png\">\t\t\t\t\t\t\t\t\t\t\t\t\t\t\t<\/div>\n\t\t\t\t<\/div>\n\t\t\t\t\t<\/div>\n\t\t\t\t<\/div>\n\t\t<div class=\"elementor-element elementor-element-1be4bea e-con-full e-flex e-con e-parent\" data-id=\"1be4bea\" data-element_type=\"container\" data-e-type=\"container\">\n\t\t<div class=\"elementor-element elementor-element-fd2a3f8 e-con-full e-flex e-con e-child\" data-id=\"fd2a3f8\" data-element_type=\"container\" data-e-type=\"container\">\n\t\t\t\t<div class=\"elementor-element elementor-element-69ff08b elementor-widget elementor-widget-heading\" data-id=\"69ff08b\" data-element_type=\"widget\" data-e-type=\"widget\" data-widget_type=\"heading.default\">\n\t\t\t\t<div class=\"elementor-widget-container\">\n\t\t\t\t\t<span class=\"elementor-heading-title elementor-size-default\">Comptes pour les dons :  <\/span>\t\t\t\t<\/div>\n\t\t\t\t<\/div>\n\t\t\t\t<\/div>\n\t\t<div class=\"elementor-element elementor-element-857c82e e-con-full e-flex e-con e-child\" data-id=\"857c82e\" data-element_type=\"container\" data-e-type=\"container\">\n\t\t\t\t<div class=\"elementor-element elementor-element-d057cc0 elementor-widget elementor-widget-heading\" data-id=\"d057cc0\" data-element_type=\"widget\" data-e-type=\"widget\" data-widget_type=\"heading.default\">\n\t\t\t\t<div class=\"elementor-widget-container\">\n\t\t\t\t\t<h2 class=\"elementor-heading-title elementor-size-default\"><p>  IBAN: <a href=\" \">CM21 10005 00081 09535811001-39 \/\n<\/a>\n IBAN: <a href=\" \"> CM21 10005 00045 09429291051-89 \/\n <\/a>\n IBAN: <a href=\" \"> DE70478601251444819900 <\/a><\/p><\/h2>\t\t\t\t<\/div>\n\t\t\t\t<\/div>\n\t\t\t\t<\/div>\n\t\t\t\t<\/div>\n\t\t<div class=\"elementor-element elementor-element-d1b12a7 e-con-full e-flex e-con e-parent\" data-id=\"d1b12a7\" data-element_type=\"container\" data-e-type=\"container\">\n\t\t<div class=\"elementor-element elementor-element-b86e3f2 e-con-full e-flex e-con e-child\" data-id=\"b86e3f2\" data-element_type=\"container\" data-e-type=\"container\">\n\t\t\t\t<div class=\"elementor-element elementor-element-2bde191 elementor-widget elementor-widget-heading\" data-id=\"2bde191\" data-element_type=\"widget\" data-e-type=\"widget\" data-widget_type=\"heading.default\">\n\t\t\t\t<div class=\"elementor-widget-container\">\n\t\t\t\t\t<span class=\"elementor-heading-title elementor-size-default\">Pour les contributions mat\u00e9rielles :<\/span>\t\t\t\t<\/div>\n\t\t\t\t<\/div>\n\t\t\t\t<\/div>\n\t\t<div class=\"elementor-element elementor-element-e92006d e-con-full e-flex e-con e-child\" data-id=\"e92006d\" data-element_type=\"container\" data-e-type=\"container\">\n\t\t\t\t<div class=\"elementor-element elementor-element-f0cdbf5 elementor-widget elementor-widget-heading\" data-id=\"f0cdbf5\" data-element_type=\"widget\" data-e-type=\"widget\" data-widget_type=\"heading.default\">\n\t\t\t\t<div class=\"elementor-widget-container\">\n\t\t\t\t\t<h2 class=\"elementor-heading-title elementor-size-default\"><p> Europe : <a href=\"tel:+4917684983082\">+4917684983082<\/a><\/p><\/h2>\t\t\t\t<\/div>\n\t\t\t\t<\/div>\n\t\t\t\t<\/div>\n\t\t\t\t<\/div>\n\t\t<div class=\"elementor-element elementor-element-a5c238f e-con-full e-flex e-con e-parent\" data-id=\"a5c238f\" data-element_type=\"container\" data-e-type=\"container\">\n\t\t<div class=\"elementor-element elementor-element-d6185e0 e-con-full e-flex e-con e-child\" data-id=\"d6185e0\" data-element_type=\"container\" data-e-type=\"container\">\n\t\t\t\t<div class=\"elementor-element elementor-element-aa53d76 elementor-widget elementor-widget-heading\" data-id=\"aa53d76\" data-element_type=\"widget\" data-e-type=\"widget\" data-widget_type=\"heading.default\">\n\t\t\t\t<div class=\"elementor-widget-container\">\n\t\t\t\t\t<span class=\"elementor-heading-title elementor-size-default\">Pour les conseils et suggestions: <\/span>\t\t\t\t<\/div>\n\t\t\t\t<\/div>\n\t\t\t\t<\/div>\n\t\t<div class=\"elementor-element elementor-element-d039595 e-con-full e-flex e-con e-child\" data-id=\"d039595\" data-element_type=\"container\" data-e-type=\"container\">\n\t\t\t\t<div class=\"elementor-element elementor-element-a012784 elementor-widget elementor-widget-heading\" data-id=\"a012784\" data-element_type=\"widget\" data-e-type=\"widget\" data-widget_type=\"heading.default\">\n\t\t\t\t<div class=\"elementor-widget-container\">\n\t\t\t\t\t<h2 class=\"elementor-heading-title elementor-size-default\"><p>Cameroun : <a href=\"tel:+237 6 75 58 57 08\"> +237 6 75 58 57 08\/ <\/a><a href=\"tel:+237 6 97502218\">+237 6 97502218 <\/a><\/p><\/h2>\t\t\t\t<\/div>\n\t\t\t\t<\/div>\n\t\t\t\t<\/div>\n\t\t\t\t<\/div>\n\t\t<div class=\"elementor-element elementor-element-a69805e e-con-full e-flex e-con e-parent\" data-id=\"a69805e\" data-element_type=\"container\" data-e-type=\"container\">\n\t\t<div class=\"elementor-element elementor-element-1e3771b e-con-full e-flex e-con e-child\" data-id=\"1e3771b\" data-element_type=\"container\" data-e-type=\"container\">\n\t\t\t\t<div class=\"elementor-element elementor-element-68041ca elementor-widget elementor-widget-heading\" data-id=\"68041ca\" data-element_type=\"widget\" data-e-type=\"widget\" data-widget_type=\"heading.default\">\n\t\t\t\t<div class=\"elementor-widget-container\">\n\t\t\t\t\t<span class=\"elementor-heading-title elementor-size-default\">Pour toutes autres questions relatives aux contributions, bien vouloir contacter les num\u00e9ros suivants:<\/span>\t\t\t\t<\/div>\n\t\t\t\t<\/div>\n\t\t\t\t<\/div>\n\t\t<div class=\"elementor-element elementor-element-6c6e783 e-con-full e-flex e-con e-child\" data-id=\"6c6e783\" data-element_type=\"container\" data-e-type=\"container\">\n\t\t\t\t<div class=\"elementor-element elementor-element-1118747 elementor-widget elementor-widget-heading\" data-id=\"1118747\" data-element_type=\"widget\" data-e-type=\"widget\" data-widget_type=\"heading.default\">\n\t\t\t\t<div class=\"elementor-widget-container\">\n\t\t\t\t\t<h2 class=\"elementor-heading-title elementor-size-default\"><p> Europe : <a href=\"tel:+4917684983082\">+4917684983082<\/a><\/p><p>Cameroun : <a href=\"tel:+237 6 75 58 57 08\"> +237 6 75 58 57 08\/ <\/a><a href=\"tel:+237 6 97502218\">+237 6 97502218 <\/a><\/p><\/h2>\t\t\t\t<\/div>\n\t\t\t\t<\/div>\n\t\t\t\t<\/div>\n\t\t\t\t<\/div>\n\t\t<div class=\"elementor-element elementor-element-35e03b1 e-flex e-con-boxed e-con e-parent\" data-id=\"35e03b1\" data-element_type=\"container\" data-e-type=\"container\">\n\t\t\t\t\t<div class=\"e-con-inner\">\n\t\t\t\t\t<\/div>\n\t\t\t\t<\/div>\n\t\t\t\t<\/div>\n\t\t","protected":false},"excerpt":{"rendered":"<p>Nous vous sommes infiniment reconnaissant pour votre soutien. \u00ab\u00a0une seule main ne peut pas attacher un sac.\u00a0\u00bb \u00ab\u00a0Votre geste compte . La g\u00e9n\u00e9rosit\u00e9 nous rend plus heureux.\u00a0\u00bb Merci pour votre [&hellip;]<\/p>\n","protected":false},"author":1,"featured_media":1081,"parent":0,"menu_order":0,"comment_status":"closed","ping_status":"closed","template":"","meta":{"footnotes":""},"class_list":["post-11","page","type-page","status-publish","has-post-thumbnail","hentry"],"yoast_head":"<!-- This site is optimized with the Yoast SEO plugin v27.4 - https:\/\/yoast.com\/product\/yoast-seo-wordpress\/ -->\n<title>CONTRIBUTIONS - ASSOCIATION MAIN DANS LA MAIN DE NKOLMESSENG<\/title>\n<meta name=\"robots\" content=\"index, follow, max-snippet:-1, max-image-preview:large, max-video-preview:-1\" \/>\n<link rel=\"canonical\" href=\"https:\/\/ass-main-dans-main-nkol.org\/fr_fr\/contributions\/\" \/>\n<meta property=\"og:locale\" content=\"fr_FR\" \/>\n<meta property=\"og:type\" content=\"article\" \/>\n<meta property=\"og:title\" content=\"CONTRIBUTIONS - ASSOCIATION MAIN DANS LA MAIN DE NKOLMESSENG\" \/>\n<meta property=\"og:description\" content=\"Nous vous sommes infiniment reconnaissant pour votre soutien. \u00ab\u00a0une seule main ne peut pas attacher un sac.\u00a0\u00bb \u00ab\u00a0Votre geste compte . La g\u00e9n\u00e9rosit\u00e9 nous rend plus heureux.\u00a0\u00bb Merci pour votre [&hellip;]\" \/>\n<meta property=\"og:url\" content=\"https:\/\/ass-main-dans-main-nkol.org\/fr_fr\/contributions\/\" \/>\n<meta property=\"og:site_name\" content=\"ASSOCIATION MAIN DANS LA MAIN DE NKOLMESSENG\" \/>\n<meta property=\"article:modified_time\" content=\"2024-08-25T12:39:29+00:00\" \/>\n<meta property=\"og:image\" content=\"https:\/\/ass-main-dans-main-nkol.org\/wp-content\/uploads\/2024\/02\/Screenshot_2024-02-28-22-28-53-3552.jpg\" \/>\n\t<meta property=\"og:image:width\" content=\"796\" \/>\n\t<meta property=\"og:image:height\" content=\"527\" \/>\n\t<meta property=\"og:image:type\" content=\"image\/jpeg\" \/>\n<meta name=\"twitter:card\" content=\"summary_large_image\" \/>\n<meta name=\"twitter:label1\" content=\"Dur\u00e9e de lecture estim\u00e9e\" \/>\n\t<meta name=\"twitter:data1\" content=\"2 minutes\" \/>\n<script type=\"application\/ld+json\" class=\"yoast-schema-graph\">{\"@context\":\"https:\\\/\\\/schema.org\",\"@graph\":[{\"@type\":\"WebPage\",\"@id\":\"https:\\\/\\\/ass-main-dans-main-nkol.org\\\/contributions\\\/\",\"url\":\"https:\\\/\\\/ass-main-dans-main-nkol.org\\\/contributions\\\/\",\"name\":\"CONTRIBUTIONS - ASSOCIATION MAIN DANS LA MAIN DE NKOLMESSENG\",\"isPartOf\":{\"@id\":\"https:\\\/\\\/ass-main-dans-main-nkol.org\\\/#website\"},\"primaryImageOfPage\":{\"@id\":\"https:\\\/\\\/ass-main-dans-main-nkol.org\\\/contributions\\\/#primaryimage\"},\"image\":{\"@id\":\"https:\\\/\\\/ass-main-dans-main-nkol.org\\\/contributions\\\/#primaryimage\"},\"thumbnailUrl\":\"https:\\\/\\\/ass-main-dans-main-nkol.org\\\/wp-content\\\/uploads\\\/2024\\\/02\\\/Screenshot_2024-02-28-22-28-53-3552.jpg\",\"datePublished\":\"2023-12-13T19:26:14+00:00\",\"dateModified\":\"2024-08-25T12:39:29+00:00\",\"breadcrumb\":{\"@id\":\"https:\\\/\\\/ass-main-dans-main-nkol.org\\\/contributions\\\/#breadcrumb\"},\"inLanguage\":\"fr-FR\",\"potentialAction\":[{\"@type\":\"ReadAction\",\"target\":[\"https:\\\/\\\/ass-main-dans-main-nkol.org\\\/contributions\\\/\"]}]},{\"@type\":\"ImageObject\",\"inLanguage\":\"fr-FR\",\"@id\":\"https:\\\/\\\/ass-main-dans-main-nkol.org\\\/contributions\\\/#primaryimage\",\"url\":\"https:\\\/\\\/ass-main-dans-main-nkol.org\\\/wp-content\\\/uploads\\\/2024\\\/02\\\/Screenshot_2024-02-28-22-28-53-3552.jpg\",\"contentUrl\":\"https:\\\/\\\/ass-main-dans-main-nkol.org\\\/wp-content\\\/uploads\\\/2024\\\/02\\\/Screenshot_2024-02-28-22-28-53-3552.jpg\",\"width\":796,\"height\":527},{\"@type\":\"BreadcrumbList\",\"@id\":\"https:\\\/\\\/ass-main-dans-main-nkol.org\\\/contributions\\\/#breadcrumb\",\"itemListElement\":[{\"@type\":\"ListItem\",\"position\":1,\"name\":\"Accueil\",\"item\":\"https:\\\/\\\/ass-main-dans-main-nkol.org\\\/\"},{\"@type\":\"ListItem\",\"position\":2,\"name\":\"CONTRIBUTIONS\"}]},{\"@type\":\"WebSite\",\"@id\":\"https:\\\/\\\/ass-main-dans-main-nkol.org\\\/#website\",\"url\":\"https:\\\/\\\/ass-main-dans-main-nkol.org\\\/\",\"name\":\"ASSOCIATION MAIN DANS LA MAIN DE NKOLMESSENG\",\"description\":\"Les gestes de coeur au service des personnes d\u00e9favoris\u00e9es\",\"publisher\":{\"@id\":\"https:\\\/\\\/ass-main-dans-main-nkol.org\\\/#organization\"},\"potentialAction\":[{\"@type\":\"SearchAction\",\"target\":{\"@type\":\"EntryPoint\",\"urlTemplate\":\"https:\\\/\\\/ass-main-dans-main-nkol.org\\\/?s={search_term_string}\"},\"query-input\":{\"@type\":\"PropertyValueSpecification\",\"valueRequired\":true,\"valueName\":\"search_term_string\"}}],\"inLanguage\":\"fr-FR\"},{\"@type\":\"Organization\",\"@id\":\"https:\\\/\\\/ass-main-dans-main-nkol.org\\\/#organization\",\"name\":\"ASSOCIATION MAIN DANS LA MAIN DE NKOLMESSENG\",\"url\":\"https:\\\/\\\/ass-main-dans-main-nkol.org\\\/\",\"logo\":{\"@type\":\"ImageObject\",\"inLanguage\":\"fr-FR\",\"@id\":\"https:\\\/\\\/ass-main-dans-main-nkol.org\\\/#\\\/schema\\\/logo\\\/image\\\/\",\"url\":\"https:\\\/\\\/ass-main-dans-main-nkol.org\\\/wp-content\\\/uploads\\\/2024\\\/04\\\/cropped-cropped-Adobe_Express_20240415_2020470_1.png\",\"contentUrl\":\"https:\\\/\\\/ass-main-dans-main-nkol.org\\\/wp-content\\\/uploads\\\/2024\\\/04\\\/cropped-cropped-Adobe_Express_20240415_2020470_1.png\",\"width\":250,\"height\":250,\"caption\":\"ASSOCIATION MAIN DANS LA MAIN DE NKOLMESSENG\"},\"image\":{\"@id\":\"https:\\\/\\\/ass-main-dans-main-nkol.org\\\/#\\\/schema\\\/logo\\\/image\\\/\"}}]}<\/script>\n<!-- \/ Yoast SEO plugin. -->","yoast_head_json":{"title":"CONTRIBUTIONS - ASSOCIATION MAIN DANS LA MAIN DE NKOLMESSENG","robots":{"index":"index","follow":"follow","max-snippet":"max-snippet:-1","max-image-preview":"max-image-preview:large","max-video-preview":"max-video-preview:-1"},"canonical":"https:\/\/ass-main-dans-main-nkol.org\/fr_fr\/contributions\/","og_locale":"fr_FR","og_type":"article","og_title":"CONTRIBUTIONS - ASSOCIATION MAIN DANS LA MAIN DE NKOLMESSENG","og_description":"Nous vous sommes infiniment reconnaissant pour votre soutien. \u00ab\u00a0une seule main ne peut pas attacher un sac.\u00a0\u00bb \u00ab\u00a0Votre geste compte . La g\u00e9n\u00e9rosit\u00e9 nous rend plus heureux.\u00a0\u00bb Merci pour votre [&hellip;]","og_url":"https:\/\/ass-main-dans-main-nkol.org\/fr_fr\/contributions\/","og_site_name":"ASSOCIATION MAIN DANS LA MAIN DE NKOLMESSENG","article_modified_time":"2024-08-25T12:39:29+00:00","og_image":[{"width":796,"height":527,"url":"https:\/\/ass-main-dans-main-nkol.org\/wp-content\/uploads\/2024\/02\/Screenshot_2024-02-28-22-28-53-3552.jpg","type":"image\/jpeg"}],"twitter_card":"summary_large_image","twitter_misc":{"Dur\u00e9e de lecture estim\u00e9e":"2 minutes"},"schema":{"@context":"https:\/\/schema.org","@graph":[{"@type":"WebPage","@id":"https:\/\/ass-main-dans-main-nkol.org\/contributions\/","url":"https:\/\/ass-main-dans-main-nkol.org\/contributions\/","name":"CONTRIBUTIONS - ASSOCIATION MAIN DANS LA MAIN DE NKOLMESSENG","isPartOf":{"@id":"https:\/\/ass-main-dans-main-nkol.org\/#website"},"primaryImageOfPage":{"@id":"https:\/\/ass-main-dans-main-nkol.org\/contributions\/#primaryimage"},"image":{"@id":"https:\/\/ass-main-dans-main-nkol.org\/contributions\/#primaryimage"},"thumbnailUrl":"https:\/\/ass-main-dans-main-nkol.org\/wp-content\/uploads\/2024\/02\/Screenshot_2024-02-28-22-28-53-3552.jpg","datePublished":"2023-12-13T19:26:14+00:00","dateModified":"2024-08-25T12:39:29+00:00","breadcrumb":{"@id":"https:\/\/ass-main-dans-main-nkol.org\/contributions\/#breadcrumb"},"inLanguage":"fr-FR","potentialAction":[{"@type":"ReadAction","target":["https:\/\/ass-main-dans-main-nkol.org\/contributions\/"]}]},{"@type":"ImageObject","inLanguage":"fr-FR","@id":"https:\/\/ass-main-dans-main-nkol.org\/contributions\/#primaryimage","url":"https:\/\/ass-main-dans-main-nkol.org\/wp-content\/uploads\/2024\/02\/Screenshot_2024-02-28-22-28-53-3552.jpg","contentUrl":"https:\/\/ass-main-dans-main-nkol.org\/wp-content\/uploads\/2024\/02\/Screenshot_2024-02-28-22-28-53-3552.jpg","width":796,"height":527},{"@type":"BreadcrumbList","@id":"https:\/\/ass-main-dans-main-nkol.org\/contributions\/#breadcrumb","itemListElement":[{"@type":"ListItem","position":1,"name":"Accueil","item":"https:\/\/ass-main-dans-main-nkol.org\/"},{"@type":"ListItem","position":2,"name":"CONTRIBUTIONS"}]},{"@type":"WebSite","@id":"https:\/\/ass-main-dans-main-nkol.org\/#website","url":"https:\/\/ass-main-dans-main-nkol.org\/","name":"ASSOCIATION MAIN DANS LA MAIN DE NKOLMESSENG","description":"Les gestes de coeur au service des personnes d\u00e9favoris\u00e9es","publisher":{"@id":"https:\/\/ass-main-dans-main-nkol.org\/#organization"},"potentialAction":[{"@type":"SearchAction","target":{"@type":"EntryPoint","urlTemplate":"https:\/\/ass-main-dans-main-nkol.org\/?s={search_term_string}"},"query-input":{"@type":"PropertyValueSpecification","valueRequired":true,"valueName":"search_term_string"}}],"inLanguage":"fr-FR"},{"@type":"Organization","@id":"https:\/\/ass-main-dans-main-nkol.org\/#organization","name":"ASSOCIATION MAIN DANS LA MAIN DE NKOLMESSENG","url":"https:\/\/ass-main-dans-main-nkol.org\/","logo":{"@type":"ImageObject","inLanguage":"fr-FR","@id":"https:\/\/ass-main-dans-main-nkol.org\/#\/schema\/logo\/image\/","url":"https:\/\/ass-main-dans-main-nkol.org\/wp-content\/uploads\/2024\/04\/cropped-cropped-Adobe_Express_20240415_2020470_1.png","contentUrl":"https:\/\/ass-main-dans-main-nkol.org\/wp-content\/uploads\/2024\/04\/cropped-cropped-Adobe_Express_20240415_2020470_1.png","width":250,"height":250,"caption":"ASSOCIATION MAIN DANS LA MAIN DE NKOLMESSENG"},"image":{"@id":"https:\/\/ass-main-dans-main-nkol.org\/#\/schema\/logo\/image\/"}}]}},"jetpack_sharing_enabled":true,"_links":{"self":[{"href":"https:\/\/ass-main-dans-main-nkol.org\/fr_fr\/wp-json\/wp\/v2\/pages\/11","targetHints":{"allow":["GET"]}}],"collection":[{"href":"https:\/\/ass-main-dans-main-nkol.org\/fr_fr\/wp-json\/wp\/v2\/pages"}],"about":[{"href":"https:\/\/ass-main-dans-main-nkol.org\/fr_fr\/wp-json\/wp\/v2\/types\/page"}],"author":[{"embeddable":true,"href":"https:\/\/ass-main-dans-main-nkol.org\/fr_fr\/wp-json\/wp\/v2\/users\/1"}],"replies":[{"embeddable":true,"href":"https:\/\/ass-main-dans-main-nkol.org\/fr_fr\/wp-json\/wp\/v2\/comments?post=11"}],"version-history":[{"count":0,"href":"https:\/\/ass-main-dans-main-nkol.org\/fr_fr\/wp-json\/wp\/v2\/pages\/11\/revisions"}],"wp:featuredmedia":[{"embeddable":true,"href":"https:\/\/ass-main-dans-main-nkol.org\/fr_fr\/wp-json\/wp\/v2\/media\/1081"}],"wp:attachment":[{"href":"https:\/\/ass-main-dans-main-nkol.org\/fr_fr\/wp-json\/wp\/v2\/media?parent=11"}],"curies":[{"name":"wp","href":"https:\/\/api.w.org\/{rel}","templated":true}]}}