{"id":1635,"date":"2024-04-14T23:17:52","date_gmt":"2024-04-14T21:17:52","guid":{"rendered":"https:\/\/ass-main-dans-main-nkol.org\/?page_id=1635"},"modified":"2024-04-24T22:13:06","modified_gmt":"2024-04-24T20:13:06","slug":"newsletter","status":"publish","type":"page","link":"https:\/\/ass-main-dans-main-nkol.org\/fr_fr\/newsletter\/","title":{"rendered":"Newsletter"},"content":{"rendered":"\t\t<div data-elementor-type=\"wp-page\" data-elementor-id=\"1635\" class=\"elementor elementor-1635\">\n\t\t\t\t<div class=\"elementor-element elementor-element-ec86733 e-con-full e-flex e-con e-parent\" data-id=\"ec86733\" data-element_type=\"container\" data-e-type=\"container\">\n\t\t\t\t<\/div>\n\t\t<div class=\"elementor-element elementor-element-a9cc821 e-flex e-con-boxed e-con e-parent\" data-id=\"a9cc821\" data-element_type=\"container\" data-e-type=\"container\">\n\t\t\t\t\t<div class=\"e-con-inner\">\n\t\t\t\t<div class=\"elementor-element elementor-element-ddf186d elementor-widget elementor-widget-whitehall_contact_us\" data-id=\"ddf186d\" data-element_type=\"widget\" data-e-type=\"widget\" data-widget_type=\"whitehall_contact_us.default\">\n\t\t\t\t<div class=\"elementor-widget-container\">\n\t\t\t\t\t\t\n    <!-- contact-style-two -->\n    <section class=\"contact-style-two sec-pad\">\n        <div class=\"auto-container\">\n            <div class=\"form-inner\">\n                                <div class=\"sec-title centred\">\n                                        <h2>Newsletter <\/h2>\n                    <div class=\"title-shape\"><\/div>                    <p>Recevez toutes nos actualit\u00e9s par mail.<\/p>                <\/div>\n                                                <div id=\"contact-form\" class=\"default-form\"> \n                    <script>(function() {\n\twindow.mc4wp = window.mc4wp || {\n\t\tlisteners: [],\n\t\tforms: {\n\t\t\ton: function(evt, cb) {\n\t\t\t\twindow.mc4wp.listeners.push(\n\t\t\t\t\t{\n\t\t\t\t\t\tevent   : evt,\n\t\t\t\t\t\tcallback: cb\n\t\t\t\t\t}\n\t\t\t\t);\n\t\t\t}\n\t\t}\n\t}\n})();\n<\/script><!-- Mailchimp for WordPress v4.12.3 - https:\/\/wordpress.org\/plugins\/mailchimp-for-wp\/ --><form id=\"mc4wp-form-1\" class=\"mc4wp-form mc4wp-form-1778\" method=\"post\" data-id=\"1778\" data-name=\"Newsletter\" ><div class=\"mc4wp-form-fields\"><div class=\"row clearfix\">\r\n  <div class=\"col-lg-6 col-md-6 col-sm-12 big-column\">\r\n    <div class=\"form-group\">    \r\n\r\n      <label>Nom<\/label>\r\n    <input type=\"text\" name=\"LNAME\" placeholder=\"Entrer votre nom\"\r\n    required=\"\">\r\n  <\/div>\r\n    \r\n    <div class=\"form-group\">    \r\n<label>Pr\u00e9nom<\/label>\r\n    <input type=\"text\" name=\"FNAME\" placeholder=\"Enter votre pr\u00e9nom \"\r\n    required=\"\">\r\n<\/div>\r\n<div class=\"form-group\">    \r\n\r\n    <label>Adresse de courrier \u00e9lectronique: <\/label>\r\n\t\t<input type=\"email\" name=\"EMAIL\" placeholder=\"Votre adresse de courrier \u00e9lectronique\" required \/>\r\n\r\n<\/div>\r\n    <div class=\"col-lg-12 col-md-12 col-sm-12 big-column\">\r\n      <div class=\"message-btn centred\">\r\n\t<input class=\"theme-btn\" type=\"submit\" name=\"submit-form\" value=\"Rejoindre la Newsletter.\" \/>\r\n<\/div>\r\n    <\/div>\r\n  <\/div>\r\n<\/div><label style=\"display: none !important;\">Laissez ce champ vide si vous \u00eates humain\u00a0: <input type=\"text\" name=\"_mc4wp_honeypot\" value=\"\" tabindex=\"-1\" autocomplete=\"off\" \/><\/label><input type=\"hidden\" name=\"_mc4wp_timestamp\" value=\"1778523040\" \/><input type=\"hidden\" name=\"_mc4wp_form_id\" value=\"1778\" \/><input type=\"hidden\" name=\"_mc4wp_form_element_id\" value=\"mc4wp-form-1\" \/><div class=\"mc4wp-response\"><\/div>\r\n\t\t\t<script>\r\n\t\t\tif ( typeof huOptions !== 'undefined' ) {\r\n\t\t\t\tvar huFormData = {\"source\":\"mailchimp\",\"id\":1778,\"title\":\"Newsletter\",\"fields\":{\"subject\":{\"first_name\":\"FNAME\",\"last_name\":\"LNAME\",\"email\":\"EMAIL\"},\"preferences\":{\"terms\":\"AGREE_TO_TERMS\"}}};\r\n\t\t\t\tvar huFormNode = document.querySelector( 'form[class*=\"mc4wp-form-1778\"]' );\r\n\r\n\t\t\t\thuFormData['node'] = huFormNode;\r\n\t\t\t\thuOptions['forms'].push( huFormData );\r\n\t\t\t}\r\n\t\t\t<\/script><\/form><!-- \/ Mailchimp for WordPress Plugin -->                <\/div>\n                            <\/div>\n                    <\/div>\n    <\/section>\n    <!-- contact-style-two end -->\n                         \n        \t\t\t\t<\/div>\n\t\t\t\t<\/div>\n\t\t\t\t\t<\/div>\n\t\t\t\t<\/div>\n\t\t<div class=\"elementor-element elementor-element-bc8e148 e-flex e-con-boxed e-con e-parent\" data-id=\"bc8e148\" data-element_type=\"container\" data-e-type=\"container\">\n\t\t\t\t\t<div class=\"e-con-inner\">\n\t\t\t\t\t<\/div>\n\t\t\t\t<\/div>\n\t\t\t\t<\/div>\n\t\t","protected":false},"excerpt":{"rendered":"<p>Newsletter Recevez toutes nos actualit\u00e9s par mail. Nom Pr\u00e9nom Adresse de courrier \u00e9lectronique: Laissez ce champ vide si vous \u00eates humain\u00a0:<\/p>\n","protected":false},"author":1,"featured_media":0,"parent":0,"menu_order":0,"comment_status":"closed","ping_status":"closed","template":"","meta":{"footnotes":""},"class_list":["post-1635","page","type-page","status-publish","hentry"],"yoast_head":"<!-- This site is optimized with the Yoast SEO plugin v27.5 - https:\/\/yoast.com\/product\/yoast-seo-wordpress\/ -->\n<title>Newsletter - ASSOCIATION MAIN DANS LA MAIN DE NKOLMESSENG<\/title>\n<meta name=\"robots\" content=\"index, follow, max-snippet:-1, max-image-preview:large, max-video-preview:-1\" \/>\n<link rel=\"canonical\" href=\"https:\/\/ass-main-dans-main-nkol.org\/fr_fr\/newsletter\/\" \/>\n<meta property=\"og:locale\" content=\"fr_FR\" \/>\n<meta property=\"og:type\" content=\"article\" \/>\n<meta property=\"og:title\" content=\"Newsletter - ASSOCIATION MAIN DANS LA MAIN DE NKOLMESSENG\" \/>\n<meta property=\"og:description\" content=\"Newsletter Recevez toutes nos actualit\u00e9s par mail. Nom Pr\u00e9nom Adresse de courrier \u00e9lectronique: Laissez ce champ vide si vous \u00eates humain\u00a0:\" \/>\n<meta property=\"og:url\" content=\"https:\/\/ass-main-dans-main-nkol.org\/fr_fr\/newsletter\/\" \/>\n<meta property=\"og:site_name\" content=\"ASSOCIATION MAIN DANS LA MAIN DE NKOLMESSENG\" \/>\n<meta property=\"article:modified_time\" content=\"2024-04-24T20:13:06+00:00\" \/>\n<meta name=\"twitter:card\" content=\"summary_large_image\" \/>\n<script type=\"application\/ld+json\" class=\"yoast-schema-graph\">{\"@context\":\"https:\\\/\\\/schema.org\",\"@graph\":[{\"@type\":\"WebPage\",\"@id\":\"https:\\\/\\\/ass-main-dans-main-nkol.org\\\/newsletter\\\/\",\"url\":\"https:\\\/\\\/ass-main-dans-main-nkol.org\\\/newsletter\\\/\",\"name\":\"Newsletter - ASSOCIATION MAIN DANS LA MAIN DE NKOLMESSENG\",\"isPartOf\":{\"@id\":\"https:\\\/\\\/ass-main-dans-main-nkol.org\\\/#website\"},\"datePublished\":\"2024-04-14T21:17:52+00:00\",\"dateModified\":\"2024-04-24T20:13:06+00:00\",\"breadcrumb\":{\"@id\":\"https:\\\/\\\/ass-main-dans-main-nkol.org\\\/newsletter\\\/#breadcrumb\"},\"inLanguage\":\"fr-FR\",\"potentialAction\":[{\"@type\":\"ReadAction\",\"target\":[\"https:\\\/\\\/ass-main-dans-main-nkol.org\\\/newsletter\\\/\"]}]},{\"@type\":\"BreadcrumbList\",\"@id\":\"https:\\\/\\\/ass-main-dans-main-nkol.org\\\/newsletter\\\/#breadcrumb\",\"itemListElement\":[{\"@type\":\"ListItem\",\"position\":1,\"name\":\"Accueil\",\"item\":\"https:\\\/\\\/ass-main-dans-main-nkol.org\\\/\"},{\"@type\":\"ListItem\",\"position\":2,\"name\":\"Newsletter\"}]},{\"@type\":\"WebSite\",\"@id\":\"https:\\\/\\\/ass-main-dans-main-nkol.org\\\/#website\",\"url\":\"https:\\\/\\\/ass-main-dans-main-nkol.org\\\/\",\"name\":\"ASSOCIATION MAIN DANS LA MAIN DE NKOLMESSENG\",\"description\":\"Les gestes de coeur au service des personnes d\u00e9favoris\u00e9es\",\"publisher\":{\"@id\":\"https:\\\/\\\/ass-main-dans-main-nkol.org\\\/#organization\"},\"potentialAction\":[{\"@type\":\"SearchAction\",\"target\":{\"@type\":\"EntryPoint\",\"urlTemplate\":\"https:\\\/\\\/ass-main-dans-main-nkol.org\\\/?s={search_term_string}\"},\"query-input\":{\"@type\":\"PropertyValueSpecification\",\"valueRequired\":true,\"valueName\":\"search_term_string\"}}],\"inLanguage\":\"fr-FR\"},{\"@type\":\"Organization\",\"@id\":\"https:\\\/\\\/ass-main-dans-main-nkol.org\\\/#organization\",\"name\":\"ASSOCIATION MAIN DANS LA MAIN DE NKOLMESSENG\",\"url\":\"https:\\\/\\\/ass-main-dans-main-nkol.org\\\/\",\"logo\":{\"@type\":\"ImageObject\",\"inLanguage\":\"fr-FR\",\"@id\":\"https:\\\/\\\/ass-main-dans-main-nkol.org\\\/#\\\/schema\\\/logo\\\/image\\\/\",\"url\":\"https:\\\/\\\/ass-main-dans-main-nkol.org\\\/wp-content\\\/uploads\\\/2024\\\/04\\\/cropped-cropped-Adobe_Express_20240415_2020470_1.png\",\"contentUrl\":\"https:\\\/\\\/ass-main-dans-main-nkol.org\\\/wp-content\\\/uploads\\\/2024\\\/04\\\/cropped-cropped-Adobe_Express_20240415_2020470_1.png\",\"width\":250,\"height\":250,\"caption\":\"ASSOCIATION MAIN DANS LA MAIN DE NKOLMESSENG\"},\"image\":{\"@id\":\"https:\\\/\\\/ass-main-dans-main-nkol.org\\\/#\\\/schema\\\/logo\\\/image\\\/\"}}]}<\/script>\n<!-- \/ Yoast SEO plugin. -->","yoast_head_json":{"title":"Newsletter - ASSOCIATION MAIN DANS LA MAIN DE NKOLMESSENG","robots":{"index":"index","follow":"follow","max-snippet":"max-snippet:-1","max-image-preview":"max-image-preview:large","max-video-preview":"max-video-preview:-1"},"canonical":"https:\/\/ass-main-dans-main-nkol.org\/fr_fr\/newsletter\/","og_locale":"fr_FR","og_type":"article","og_title":"Newsletter - ASSOCIATION MAIN DANS LA MAIN DE NKOLMESSENG","og_description":"Newsletter Recevez toutes nos actualit\u00e9s par mail. Nom Pr\u00e9nom Adresse de courrier \u00e9lectronique: Laissez ce champ vide si vous \u00eates humain\u00a0:","og_url":"https:\/\/ass-main-dans-main-nkol.org\/fr_fr\/newsletter\/","og_site_name":"ASSOCIATION MAIN DANS LA MAIN DE NKOLMESSENG","article_modified_time":"2024-04-24T20:13:06+00:00","twitter_card":"summary_large_image","schema":{"@context":"https:\/\/schema.org","@graph":[{"@type":"WebPage","@id":"https:\/\/ass-main-dans-main-nkol.org\/newsletter\/","url":"https:\/\/ass-main-dans-main-nkol.org\/newsletter\/","name":"Newsletter - ASSOCIATION MAIN DANS LA MAIN DE NKOLMESSENG","isPartOf":{"@id":"https:\/\/ass-main-dans-main-nkol.org\/#website"},"datePublished":"2024-04-14T21:17:52+00:00","dateModified":"2024-04-24T20:13:06+00:00","breadcrumb":{"@id":"https:\/\/ass-main-dans-main-nkol.org\/newsletter\/#breadcrumb"},"inLanguage":"fr-FR","potentialAction":[{"@type":"ReadAction","target":["https:\/\/ass-main-dans-main-nkol.org\/newsletter\/"]}]},{"@type":"BreadcrumbList","@id":"https:\/\/ass-main-dans-main-nkol.org\/newsletter\/#breadcrumb","itemListElement":[{"@type":"ListItem","position":1,"name":"Accueil","item":"https:\/\/ass-main-dans-main-nkol.org\/"},{"@type":"ListItem","position":2,"name":"Newsletter"}]},{"@type":"WebSite","@id":"https:\/\/ass-main-dans-main-nkol.org\/#website","url":"https:\/\/ass-main-dans-main-nkol.org\/","name":"ASSOCIATION MAIN DANS LA MAIN DE NKOLMESSENG","description":"Les gestes de coeur au service des personnes d\u00e9favoris\u00e9es","publisher":{"@id":"https:\/\/ass-main-dans-main-nkol.org\/#organization"},"potentialAction":[{"@type":"SearchAction","target":{"@type":"EntryPoint","urlTemplate":"https:\/\/ass-main-dans-main-nkol.org\/?s={search_term_string}"},"query-input":{"@type":"PropertyValueSpecification","valueRequired":true,"valueName":"search_term_string"}}],"inLanguage":"fr-FR"},{"@type":"Organization","@id":"https:\/\/ass-main-dans-main-nkol.org\/#organization","name":"ASSOCIATION MAIN DANS LA MAIN DE NKOLMESSENG","url":"https:\/\/ass-main-dans-main-nkol.org\/","logo":{"@type":"ImageObject","inLanguage":"fr-FR","@id":"https:\/\/ass-main-dans-main-nkol.org\/#\/schema\/logo\/image\/","url":"https:\/\/ass-main-dans-main-nkol.org\/wp-content\/uploads\/2024\/04\/cropped-cropped-Adobe_Express_20240415_2020470_1.png","contentUrl":"https:\/\/ass-main-dans-main-nkol.org\/wp-content\/uploads\/2024\/04\/cropped-cropped-Adobe_Express_20240415_2020470_1.png","width":250,"height":250,"caption":"ASSOCIATION MAIN DANS LA MAIN DE NKOLMESSENG"},"image":{"@id":"https:\/\/ass-main-dans-main-nkol.org\/#\/schema\/logo\/image\/"}}]}},"jetpack_sharing_enabled":true,"_links":{"self":[{"href":"https:\/\/ass-main-dans-main-nkol.org\/fr_fr\/wp-json\/wp\/v2\/pages\/1635","targetHints":{"allow":["GET"]}}],"collection":[{"href":"https:\/\/ass-main-dans-main-nkol.org\/fr_fr\/wp-json\/wp\/v2\/pages"}],"about":[{"href":"https:\/\/ass-main-dans-main-nkol.org\/fr_fr\/wp-json\/wp\/v2\/types\/page"}],"author":[{"embeddable":true,"href":"https:\/\/ass-main-dans-main-nkol.org\/fr_fr\/wp-json\/wp\/v2\/users\/1"}],"replies":[{"embeddable":true,"href":"https:\/\/ass-main-dans-main-nkol.org\/fr_fr\/wp-json\/wp\/v2\/comments?post=1635"}],"version-history":[{"count":0,"href":"https:\/\/ass-main-dans-main-nkol.org\/fr_fr\/wp-json\/wp\/v2\/pages\/1635\/revisions"}],"wp:attachment":[{"href":"https:\/\/ass-main-dans-main-nkol.org\/fr_fr\/wp-json\/wp\/v2\/media?parent=1635"}],"curies":[{"name":"wp","href":"https:\/\/api.w.org\/{rel}","templated":true}]}}